{"id":38,"date":"2025-10-09T14:53:05","date_gmt":"2025-10-09T14:53:05","guid":{"rendered":"https:\/\/krimic.uniri.hr\/?page_id=38"},"modified":"2025-10-14T05:59:55","modified_gmt":"2025-10-14T05:59:55","slug":"o-projektu","status":"publish","type":"page","link":"https:\/\/krimic.uniri.hr\/?page_id=38","title":{"rendered":"O projektu"},"content":{"rendered":"\r\n<p>Znanstveni projekt <strong><em>Hrvatska i anglofona kriminalisti\u010dka proza: tekst, kontekst, prijevod<\/em><\/strong> pa\u017enju posve\u0107uje tom zanemarivanom korpusu u hrvatskoj knji\u017eevnoj znanosti. Uva\u017eavaju\u0107i spoznaje suvremene knji\u017eevne i kulturne teorije koja osvje\u0161\u0107uje i problematizira slo\u017een i \u010desto neravnopravan odnos izme\u0111u popularne i tzv. visoke\/elitne knji\u017eevnosti, ali i jo\u0161 slo\u017eeniji (i problemati\u010dniji), nerijetko i podcjeniteljski odnos knji\u017eevne znanosti prema popularnoj knji\u017eevnosti, kriminalisti\u010dkoj prozi u sklopu projektnih istra\u017eivanja pristupat \u0107e se kao ravnopravnom dijelu nacionalnog knji\u017eevnog korpusa.<\/p>\r\n<p>U skladu s takvim metodolo\u0161kim okvirom, istra\u017eivanja u sklopu projekta kre\u0107u od <strong>hipoteze<\/strong> da u kontekstu hrvatske kriminalisti\u010dke proze postoje djela relevantne umjetni\u010dke vrijednosti te da su najistaknutije autorice i autori tog korpusa utemeljili specifi\u010dnu hrvatsku tradiciju tog globalnog knji\u017eevnog \u017eanra. <strong>Druga hipoteza<\/strong> odnosi se na pretpostavku da su prijevodi anglofone kriminalisti\u010dke proze bitno utjecali na razvoj hrvatske kriminalisti\u010dke proze. Kako bi se provjerile spomenute hipoteze, <strong>osnovni ciljevi<\/strong> projekta su analiza i interpretacija najva\u017enijih djela hrvatske kriminalisti\u010dke proze te istra\u017eivanje i vrednovanje najva\u017enijih prijevoda anglofone kriminalisti\u010dke proze u Hrvatskoj.<\/p>\r\n<p><strong>Va\u017ean cilj<\/strong> projekta bit \u0107e i vrednovanje dosada\u0161njih kriti\u010darskih i teorijskih pristupa kriminalisti\u010dkoj prozi u hrvatskoj knji\u017eevnoj znanosti te njihovo nadogra\u0111ivanje u skladu s novim spoznajama iz suvremene knji\u017eevne i kulturne teorije. <strong>Potreba<\/strong> za ovakvim istra\u017eivanjima proizlazi iz \u010dinjenice da je u hrvatskoj knji\u017eevnoj znanosti kriminalisti\u010dkoj teoriji i praksi do danas posve\u0107eno premalo pa\u017enje te da je nu\u017eno pokrenuti sustavnija istra\u017eivanja. U tom smislu, predvi\u0111eni <strong>rezultati<\/strong> projekta (znanstveni radovi, konferencijska predavanja i bibliografija hrvatskog kriminalisti\u010dkog romana) \u017eele dati doprinos tom aspektu kroatisti\u010dkih, slavisti\u010dkih i anglisti\u010dkih istra\u017eivanja.<\/p>\r\n<p><strong>Trajanje<\/strong> projekta je od 1. listopada 2025. do 30. rujna 2029.<\/p>\r\n<p><strong>Mati\u010dna ustanova<\/strong> projekta je <strong>Filozofski fakultet u Rijeci<\/strong>.<\/p>\r\n<p>Projekt je odobren putem Poziv za financiranje institucionalnih istra\u017eiva\u010dkih projekata <strong>Sveu\u010dili\u0161ta u Rijeci<\/strong>, za koje su sredstva osigurana od strane Ministarstva znanosti i obrazovanja kroz Mehanizam za oporavak i otpornost u okviru Nacionalnog plana oporavka i otpornosti 2021. \u2013 2026. (<strong>NextGenerationEU<\/strong>).<\/p>\r\n","protected":false},"excerpt":{"rendered":"<p>Znanstveni projekt Hrvatska i anglofona kriminalisti\u010dka proza: tekst, kontekst, prijevod pa\u017enju posve\u0107uje tom zanemarivanom korpusu u hrvatskoj knji\u017eevnoj znanosti. Uva\u017eavaju\u0107i spoznaje suvremene knji\u017eevne i kulturne teorije koja osvje\u0161\u0107uje i problematizira slo\u017een i \u010desto neravnopravan odnos izme\u0111u popularne i tzv. visoke\/elitne knji\u017eevnosti, ali i jo\u0161 slo\u017eeniji (i problemati\u010dniji), nerijetko i podcjeniteljski odnos knji\u017eevne znanosti prema popularnoj &hellip; <a href=\"https:\/\/krimic.uniri.hr\/?page_id=38\" class=\"more-link\">Nastavi \u010ditati <span class=\"screen-reader-text\">O projektu<\/span> <span class=\"meta-nav\">&rarr;<\/span><\/a><\/p>\n","protected":false},"author":2,"featured_media":0,"parent":0,"menu_order":0,"comment_status":"closed","ping_status":"closed","template":"","meta":{"footnotes":""},"class_list":["post-38","page","type-page","status-publish","hentry"],"_links":{"self":[{"href":"https:\/\/krimic.uniri.hr\/index.php?rest_route=\/wp\/v2\/pages\/38","targetHints":{"allow":["GET"]}}],"collection":[{"href":"https:\/\/krimic.uniri.hr\/index.php?rest_route=\/wp\/v2\/pages"}],"about":[{"href":"https:\/\/krimic.uniri.hr\/index.php?rest_route=\/wp\/v2\/types\/page"}],"author":[{"embeddable":true,"href":"https:\/\/krimic.uniri.hr\/index.php?rest_route=\/wp\/v2\/users\/2"}],"replies":[{"embeddable":true,"href":"https:\/\/krimic.uniri.hr\/index.php?rest_route=%2Fwp%2Fv2%2Fcomments&post=38"}],"version-history":[{"count":11,"href":"https:\/\/krimic.uniri.hr\/index.php?rest_route=\/wp\/v2\/pages\/38\/revisions"}],"predecessor-version":[{"id":184,"href":"https:\/\/krimic.uniri.hr\/index.php?rest_route=\/wp\/v2\/pages\/38\/revisions\/184"}],"wp:attachment":[{"href":"https:\/\/krimic.uniri.hr\/index.php?rest_route=%2Fwp%2Fv2%2Fmedia&parent=38"}],"curies":[{"name":"wp","href":"https:\/\/api.w.org\/{rel}","templated":true}]}}