{"id":15,"date":"2025-10-09T12:17:15","date_gmt":"2025-10-09T12:17:15","guid":{"rendered":"https:\/\/krimic.uniri.hr\/?page_id=15"},"modified":"2025-10-10T07:00:36","modified_gmt":"2025-10-10T07:00:36","slug":"projektni-tim","status":"publish","type":"page","link":"https:\/\/krimic.uniri.hr\/?page_id=15","title":{"rendered":"Projektni tim"},"content":{"rendered":"<p>izv. prof. dr. sc. <a href=\"https:\/\/portal.uniri.hr\/Portfelj\/3991\" target=\"_blank\" rel=\"noopener\"><strong>Mario Kolar<\/strong><\/a>, voditelj projekta,\u00a0Filofoski fakultet Svu\u010dili\u0161ta u Rijeci, Odsjek za kroatistiku<\/p>\n<p>prof. dr. sc. <a href=\"https:\/\/anglist.ffzg.unizg.hr\/?p=154\" target=\"_blank\" rel=\"noopener\"><strong>Tatjana Juki\u0107<\/strong><\/a>, Filofoski fakultet Svu\u010dili\u0161ta u Zagrebu, Odsjek za anglistiku<\/p>\n<p>prof. dr. sc. <a href=\"https:\/\/portal.uniri.hr\/Portfelj\/2786\" target=\"_blank\" rel=\"noopener\"><strong>Antonija Primorac<\/strong><\/a>, Filofoski fakultet Svu\u010dili\u0161ta u Rijeci, Odsjek za anglistiku<\/p>\n<p>doc. dr. sc. <a href=\"https:\/\/www.fhs.unizg.hr\/djelatnik\/domagoj.brozovic\" target=\"_blank\" rel=\"noopener\"><strong>Domagoj Brozovi\u0107<\/strong><\/a>, Fakultet hrvatskih studija Sveu\u010dili\u0161ta u Zagrebu, Odsjek za kroatologiju<\/p>\n<p>&nbsp;<\/p>\n","protected":false},"excerpt":{"rendered":"<p>izv. prof. dr. sc. Mario Kolar, voditelj projekta,\u00a0Filofoski fakultet Svu\u010dili\u0161ta u Rijeci, Odsjek za kroatistiku prof. dr. sc. Tatjana Juki\u0107, Filofoski fakultet Svu\u010dili\u0161ta u Zagrebu, Odsjek za anglistiku prof. dr. sc. Antonija Primorac, Filofoski fakultet Svu\u010dili\u0161ta u Rijeci, Odsjek za anglistiku doc. dr. sc. Domagoj Brozovi\u0107, Fakultet hrvatskih studija Sveu\u010dili\u0161ta u Zagrebu, Odsjek za kroatologiju &hellip; <a href=\"https:\/\/krimic.uniri.hr\/?page_id=15\" class=\"more-link\">Nastavi \u010ditati <span class=\"screen-reader-text\">Projektni tim<\/span> <span class=\"meta-nav\">&rarr;<\/span><\/a><\/p>\n","protected":false},"author":2,"featured_media":0,"parent":0,"menu_order":0,"comment_status":"closed","ping_status":"closed","template":"","meta":{"footnotes":""},"class_list":["post-15","page","type-page","status-publish","hentry"],"_links":{"self":[{"href":"https:\/\/krimic.uniri.hr\/index.php?rest_route=\/wp\/v2\/pages\/15","targetHints":{"allow":["GET"]}}],"collection":[{"href":"https:\/\/krimic.uniri.hr\/index.php?rest_route=\/wp\/v2\/pages"}],"about":[{"href":"https:\/\/krimic.uniri.hr\/index.php?rest_route=\/wp\/v2\/types\/page"}],"author":[{"embeddable":true,"href":"https:\/\/krimic.uniri.hr\/index.php?rest_route=\/wp\/v2\/users\/2"}],"replies":[{"embeddable":true,"href":"https:\/\/krimic.uniri.hr\/index.php?rest_route=%2Fwp%2Fv2%2Fcomments&post=15"}],"version-history":[{"count":9,"href":"https:\/\/krimic.uniri.hr\/index.php?rest_route=\/wp\/v2\/pages\/15\/revisions"}],"predecessor-version":[{"id":137,"href":"https:\/\/krimic.uniri.hr\/index.php?rest_route=\/wp\/v2\/pages\/15\/revisions\/137"}],"wp:attachment":[{"href":"https:\/\/krimic.uniri.hr\/index.php?rest_route=%2Fwp%2Fv2%2Fmedia&parent=15"}],"curies":[{"name":"wp","href":"https:\/\/api.w.org\/{rel}","templated":true}]}}