{"id":147,"date":"2025-10-10T07:26:26","date_gmt":"2025-10-10T07:26:26","guid":{"rendered":"https:\/\/krimic.uniri.hr\/?page_id=147"},"modified":"2025-10-10T10:38:49","modified_gmt":"2025-10-10T10:38:49","slug":"kontakt","status":"publish","type":"page","link":"https:\/\/krimic.uniri.hr\/?page_id=147","title":{"rendered":"Kontakt"},"content":{"rendered":"<p><strong>E-po\u0161ta<\/strong>: mario.kolar(at)uniri.hr<\/p>\n<p><strong>Adresa<\/strong> za slanje po\u0161te:<br \/>\nizv. prof. dr. sc. Mario Kolar<br \/>\nFilozofski fakultet, Odsjek za kroatistiku<br \/>\nSveu\u010dili\u0161na avenija 4, 51000 Rijeka<br \/>\n(Croatia)<\/p>\n","protected":false},"excerpt":{"rendered":"<p>E-po\u0161ta: mario.kolar(at)uniri.hr Adresa za slanje po\u0161te: izv. prof. dr. sc. Mario Kolar Filozofski fakultet, Odsjek za kroatistiku Sveu\u010dili\u0161na avenija 4, 51000 Rijeka (Croatia)<\/p>\n","protected":false},"author":2,"featured_media":0,"parent":0,"menu_order":0,"comment_status":"closed","ping_status":"closed","template":"","meta":{"footnotes":""},"class_list":["post-147","page","type-page","status-publish","hentry"],"_links":{"self":[{"href":"https:\/\/krimic.uniri.hr\/index.php?rest_route=\/wp\/v2\/pages\/147","targetHints":{"allow":["GET"]}}],"collection":[{"href":"https:\/\/krimic.uniri.hr\/index.php?rest_route=\/wp\/v2\/pages"}],"about":[{"href":"https:\/\/krimic.uniri.hr\/index.php?rest_route=\/wp\/v2\/types\/page"}],"author":[{"embeddable":true,"href":"https:\/\/krimic.uniri.hr\/index.php?rest_route=\/wp\/v2\/users\/2"}],"replies":[{"embeddable":true,"href":"https:\/\/krimic.uniri.hr\/index.php?rest_route=%2Fwp%2Fv2%2Fcomments&post=147"}],"version-history":[{"count":7,"href":"https:\/\/krimic.uniri.hr\/index.php?rest_route=\/wp\/v2\/pages\/147\/revisions"}],"predecessor-version":[{"id":179,"href":"https:\/\/krimic.uniri.hr\/index.php?rest_route=\/wp\/v2\/pages\/147\/revisions\/179"}],"wp:attachment":[{"href":"https:\/\/krimic.uniri.hr\/index.php?rest_route=%2Fwp%2Fv2%2Fmedia&parent=147"}],"curies":[{"name":"wp","href":"https:\/\/api.w.org\/{rel}","templated":true}]}}